{"id":1372,"date":"2020-11-18T16:59:09","date_gmt":"2020-11-18T16:59:09","guid":{"rendered":"http:\/\/bestproject.pt\/?page_id=1372"},"modified":"2020-12-01T19:57:22","modified_gmt":"2020-12-01T19:57:22","slug":"consultadoria","status":"publish","type":"page","link":"http:\/\/bestproject.pt\/en\/areas-de-actuacao\/consultadoria\/","title":{"rendered":"Consulting"},"content":{"rendered":"<div style=\"height:120px\" aria-hidden=\"true\" class=\"wp-block-spacer\"><\/div>\n\n\n\n<h2>Consulting<\/h2>\n\n\n\n<ul><li>Desenvolvimento de solu\u00e7\u00f5es<\/li><li>Vistorias e peritagens<\/li><li>Estudos energ\u00e9ticos<\/li><li>Gest\u00e3o e manuten\u00e7\u00e3o<\/li><li>An\u00e1lise de viabilidade t\u00e9cnica e econ\u00f3mica<\/li><li>Licenciamentos<\/li><\/ul>\n\n\n\n<div style=\"height:240px\" aria-hidden=\"true\" class=\"wp-block-spacer\"><\/div>","protected":false},"excerpt":{"rendered":"<p>Consultadoria Desenvolvimento de solu\u00e7\u00f5es Vistorias e peritagens Estudos energ\u00e9ticos Gest\u00e3o e manuten\u00e7\u00e3o An\u00e1lise de viabilidade t\u00e9cnica e econ\u00f3mica Licenciamentos<\/p>","protected":false},"author":1,"featured_media":0,"parent":12,"menu_order":0,"comment_status":"closed","ping_status":"closed","template":"","meta":[],"_links":{"self":[{"href":"http:\/\/bestproject.pt\/en\/wp-json\/wp\/v2\/pages\/1372"}],"collection":[{"href":"http:\/\/bestproject.pt\/en\/wp-json\/wp\/v2\/pages"}],"about":[{"href":"http:\/\/bestproject.pt\/en\/wp-json\/wp\/v2\/types\/page"}],"author":[{"embeddable":true,"href":"http:\/\/bestproject.pt\/en\/wp-json\/wp\/v2\/users\/1"}],"replies":[{"embeddable":true,"href":"http:\/\/bestproject.pt\/en\/wp-json\/wp\/v2\/comments?post=1372"}],"version-history":[{"count":3,"href":"http:\/\/bestproject.pt\/en\/wp-json\/wp\/v2\/pages\/1372\/revisions"}],"predecessor-version":[{"id":1652,"href":"http:\/\/bestproject.pt\/en\/wp-json\/wp\/v2\/pages\/1372\/revisions\/1652"}],"up":[{"embeddable":true,"href":"http:\/\/bestproject.pt\/en\/wp-json\/wp\/v2\/pages\/12"}],"wp:attachment":[{"href":"http:\/\/bestproject.pt\/en\/wp-json\/wp\/v2\/media?parent=1372"}],"curies":[{"name":"wp","href":"https:\/\/api.w.org\/{rel}","templated":true}]}}