{"id":1369,"date":"2020-11-18T16:58:30","date_gmt":"2020-11-18T16:58:30","guid":{"rendered":"http:\/\/bestproject.pt\/?page_id=1369"},"modified":"2020-12-01T19:52:41","modified_gmt":"2020-12-01T19:52:41","slug":"projecto","status":"publish","type":"page","link":"http:\/\/bestproject.pt\/pt\/areas-de-actuacao\/projecto\/","title":{"rendered":"Projecto"},"content":{"rendered":"\n<div style=\"height:120px\" aria-hidden=\"true\" class=\"wp-block-spacer\"><\/div>\n\n\n\n<h2>Projectos<\/h2>\n\n\n\n<ul><li>Projecto de SCIE \u2013 Seguran\u00e7a Contra Inc\u00eandios em Edif\u00edcios<\/li><li>Projectos de instala\u00e7\u00f5es Hidr\u00e1ulicas<\/li><li>Projecto de estruturas<\/li><li>Estudos de comportamento t\u00e9rmico<\/li><li>Estudos ac\u00fasticos<\/li><\/ul>\n\n\n\n<div style=\"height:240px\" aria-hidden=\"true\" class=\"wp-block-spacer\"><\/div>\n","protected":false},"excerpt":{"rendered":"<p>Projectos Projecto de SCIE \u2013 Seguran\u00e7a Contra Inc\u00eandios em Edif\u00edcios Projectos de instala\u00e7\u00f5es Hidr\u00e1ulicas Projecto de estruturas Estudos de comportamento t\u00e9rmico Estudos ac\u00fasticos<\/p>\n","protected":false},"author":1,"featured_media":0,"parent":12,"menu_order":0,"comment_status":"closed","ping_status":"closed","template":"","meta":[],"_links":{"self":[{"href":"http:\/\/bestproject.pt\/pt\/wp-json\/wp\/v2\/pages\/1369"}],"collection":[{"href":"http:\/\/bestproject.pt\/pt\/wp-json\/wp\/v2\/pages"}],"about":[{"href":"http:\/\/bestproject.pt\/pt\/wp-json\/wp\/v2\/types\/page"}],"author":[{"embeddable":true,"href":"http:\/\/bestproject.pt\/pt\/wp-json\/wp\/v2\/users\/1"}],"replies":[{"embeddable":true,"href":"http:\/\/bestproject.pt\/pt\/wp-json\/wp\/v2\/comments?post=1369"}],"version-history":[{"count":4,"href":"http:\/\/bestproject.pt\/pt\/wp-json\/wp\/v2\/pages\/1369\/revisions"}],"predecessor-version":[{"id":1647,"href":"http:\/\/bestproject.pt\/pt\/wp-json\/wp\/v2\/pages\/1369\/revisions\/1647"}],"up":[{"embeddable":true,"href":"http:\/\/bestproject.pt\/pt\/wp-json\/wp\/v2\/pages\/12"}],"wp:attachment":[{"href":"http:\/\/bestproject.pt\/pt\/wp-json\/wp\/v2\/media?parent=1369"}],"curies":[{"name":"wp","href":"https:\/\/api.w.org\/{rel}","templated":true}]}}