{"id":12,"date":"2020-01-21T00:00:56","date_gmt":"2020-01-21T00:00:56","guid":{"rendered":"http:\/\/bestproject.pt\/?page_id=12"},"modified":"2020-12-01T20:20:34","modified_gmt":"2020-12-01T20:20:34","slug":"areas-de-actuacao","status":"publish","type":"page","link":"https:\/\/bestproject.pt\/en\/areas-de-actuacao\/","title":{"rendered":"\u00c1reas de Actua\u00e7\u00e3o"},"content":{"rendered":"<div style=\"height:120px\" aria-hidden=\"true\" class=\"wp-block-spacer\"><\/div>\n\n\n<p>A interven\u00e7\u00e3o, e actua\u00e7\u00e3o, na \u00e1rea de projecto e de execu\u00e7\u00e3o, \u00e9 actualmente mais selectiva e especializada, onde cada t\u00e9cnico acompanha, e actualiza-se, para estar apto para intervir, garantindo as melhores solu\u00e7\u00f5es. A cada t\u00e9cnico, \u00e9 pedida a capacidade de integra\u00e7\u00e3o e trabalho multidisciplinar.<\/p>\n<p>As \u00e1reas, que destacamos, s\u00e3o de acompanhamento permanente por parte de t\u00e9cnicos devidamente qualificados, e experientes, com capacidade de trabalho em equipa, com forma\u00e7\u00e3o e especializa\u00e7\u00f5es regulares nas \u00e1reas que se ocupam.<\/p>\n\n\n<div style=\"height:240px\" aria-hidden=\"true\" class=\"wp-block-spacer\"><\/div>","protected":false},"excerpt":{"rendered":"<p>A interven\u00e7\u00e3o, e actua\u00e7\u00e3o, na \u00e1rea de projecto e de execu\u00e7\u00e3o, \u00e9 actualmente mais selectiva e especializada, onde cada t\u00e9cnico acompanha, e actualiza-se, para estar apto para intervir, garantindo as &#8230;<\/p>","protected":false},"author":1,"featured_media":0,"parent":0,"menu_order":0,"comment_status":"closed","ping_status":"closed","template":"","meta":[],"_links":{"self":[{"href":"https:\/\/bestproject.pt\/en\/wp-json\/wp\/v2\/pages\/12"}],"collection":[{"href":"https:\/\/bestproject.pt\/en\/wp-json\/wp\/v2\/pages"}],"about":[{"href":"https:\/\/bestproject.pt\/en\/wp-json\/wp\/v2\/types\/page"}],"author":[{"embeddable":true,"href":"https:\/\/bestproject.pt\/en\/wp-json\/wp\/v2\/users\/1"}],"replies":[{"embeddable":true,"href":"https:\/\/bestproject.pt\/en\/wp-json\/wp\/v2\/comments?post=12"}],"version-history":[{"count":14,"href":"https:\/\/bestproject.pt\/en\/wp-json\/wp\/v2\/pages\/12\/revisions"}],"predecessor-version":[{"id":1675,"href":"https:\/\/bestproject.pt\/en\/wp-json\/wp\/v2\/pages\/12\/revisions\/1675"}],"wp:attachment":[{"href":"https:\/\/bestproject.pt\/en\/wp-json\/wp\/v2\/media?parent=12"}],"curies":[{"name":"wp","href":"https:\/\/api.w.org\/{rel}","templated":true}]}}