{"id":1375,"date":"2020-11-18T16:59:37","date_gmt":"2020-11-18T16:59:37","guid":{"rendered":"http:\/\/bestproject.pt\/?page_id=1375"},"modified":"2020-12-01T20:32:09","modified_gmt":"2020-12-01T20:32:09","slug":"gestao-e-coordenacao","status":"publish","type":"page","link":"https:\/\/bestproject.pt\/pt\/areas-de-actuacao\/gestao-e-coordenacao\/","title":{"rendered":"Gest\u00e3o e coordena\u00e7\u00e3o"},"content":{"rendered":"\n<div style=\"height:120px\" aria-hidden=\"true\" class=\"wp-block-spacer\"><\/div>\n\n\n\n<h2>Gest\u00e3o e coordena\u00e7\u00e3o de empreendimentos<\/h2>\n\n\n\n<ul><li>Revis\u00e3o e optimiza\u00e7\u00e3o de projecto<\/li><li>Estimativas de custo, medi\u00e7\u00f5es e or\u00e7amentos<\/li><li>Coordena\u00e7\u00e3o e fiscaliza\u00e7\u00e3o de obras<\/li><li>Planeamento de controlo de execu\u00e7\u00e3o<\/li><li>Controlo de qualidade<\/li><li>Acompanhamento e gest\u00e3o de licenciamentos<\/li><li>Assist\u00eancia t\u00e9cnica<\/li><li>Medidas de Autoprotec\u00e7\u00e3o<\/li><\/ul>\n\n\n\n<h2>Gest\u00e3o de investimentos imobili\u00e1rios<\/h2>\n\n\n\n<ul><li>Investimento e gest\u00e3o de projecto de reabilita\u00e7\u00e3o e promo\u00e7\u00e3o<\/li><li>Analises de investimento<\/li><li>Avalia\u00e7\u00f5es de im\u00f3veis<\/li><\/ul>\n\n\n\n<div style=\"height:240px\" aria-hidden=\"true\" class=\"wp-block-spacer\"><\/div>\n","protected":false},"excerpt":{"rendered":"<p>Gest\u00e3o e coordena\u00e7\u00e3o de empreendimentos Revis\u00e3o e optimiza\u00e7\u00e3o de projecto Estimativas de custo, medi\u00e7\u00f5es e or\u00e7amentos Coordena\u00e7\u00e3o e fiscaliza\u00e7\u00e3o de obras Planeamento de controlo de execu\u00e7\u00e3o Controlo de qualidade Acompanhamento &#8230;<\/p>\n","protected":false},"author":1,"featured_media":0,"parent":12,"menu_order":0,"comment_status":"closed","ping_status":"closed","template":"","meta":[],"_links":{"self":[{"href":"https:\/\/bestproject.pt\/pt\/wp-json\/wp\/v2\/pages\/1375"}],"collection":[{"href":"https:\/\/bestproject.pt\/pt\/wp-json\/wp\/v2\/pages"}],"about":[{"href":"https:\/\/bestproject.pt\/pt\/wp-json\/wp\/v2\/types\/page"}],"author":[{"embeddable":true,"href":"https:\/\/bestproject.pt\/pt\/wp-json\/wp\/v2\/users\/1"}],"replies":[{"embeddable":true,"href":"https:\/\/bestproject.pt\/pt\/wp-json\/wp\/v2\/comments?post=1375"}],"version-history":[{"count":5,"href":"https:\/\/bestproject.pt\/pt\/wp-json\/wp\/v2\/pages\/1375\/revisions"}],"predecessor-version":[{"id":1674,"href":"https:\/\/bestproject.pt\/pt\/wp-json\/wp\/v2\/pages\/1375\/revisions\/1674"}],"up":[{"embeddable":true,"href":"https:\/\/bestproject.pt\/pt\/wp-json\/wp\/v2\/pages\/12"}],"wp:attachment":[{"href":"https:\/\/bestproject.pt\/pt\/wp-json\/wp\/v2\/media?parent=1375"}],"curies":[{"name":"wp","href":"https:\/\/api.w.org\/{rel}","templated":true}]}}