{"id":1655,"date":"2020-12-01T20:01:00","date_gmt":"2020-12-01T20:01:00","guid":{"rendered":"http:\/\/bestproject.pt\/?page_id=1655"},"modified":"2020-12-01T20:31:36","modified_gmt":"2020-12-01T20:31:36","slug":"reabilitacao","status":"publish","type":"page","link":"https:\/\/bestproject.pt\/pt\/areas-de-actuacao\/reabilitacao\/","title":{"rendered":"Reabilita\u00e7\u00e3o"},"content":{"rendered":"\n<div style=\"height:120px\" aria-hidden=\"true\" class=\"wp-block-spacer\"><\/div>\n\n\n\n<h2>Reabilita\u00e7\u00e3o<\/h2>\n\n\n\n<ul><li>Levantamento estrutural e infraestruturas<\/li><li>Implementa\u00e7\u00e3o de princ\u00edpios locais e vernaculares<\/li><li>Implementa\u00e7\u00e3o de Sistemas tradicionais<\/li><li>Pormenoriza\u00e7\u00e3o e apoio \u00e0 decis\u00e3o<\/li><li>Sistemas bioclim\u00e1ticos<\/li><li>Sustentabilidade<\/li><\/ul>\n\n\n\n<div style=\"height:240px\" aria-hidden=\"true\" class=\"wp-block-spacer\"><\/div>\n","protected":false},"excerpt":{"rendered":"<p>Reabilita\u00e7\u00e3o Levantamento estrutural e infraestruturas Implementa\u00e7\u00e3o de princ\u00edpios locais e vernaculares Implementa\u00e7\u00e3o de Sistemas tradicionais Pormenoriza\u00e7\u00e3o e apoio \u00e0 decis\u00e3o Sistemas bioclim\u00e1ticos Sustentabilidade<\/p>\n","protected":false},"author":1,"featured_media":0,"parent":12,"menu_order":0,"comment_status":"closed","ping_status":"closed","template":"","meta":[],"_links":{"self":[{"href":"https:\/\/bestproject.pt\/pt\/wp-json\/wp\/v2\/pages\/1655"}],"collection":[{"href":"https:\/\/bestproject.pt\/pt\/wp-json\/wp\/v2\/pages"}],"about":[{"href":"https:\/\/bestproject.pt\/pt\/wp-json\/wp\/v2\/types\/page"}],"author":[{"embeddable":true,"href":"https:\/\/bestproject.pt\/pt\/wp-json\/wp\/v2\/users\/1"}],"replies":[{"embeddable":true,"href":"https:\/\/bestproject.pt\/pt\/wp-json\/wp\/v2\/comments?post=1655"}],"version-history":[{"count":3,"href":"https:\/\/bestproject.pt\/pt\/wp-json\/wp\/v2\/pages\/1655\/revisions"}],"predecessor-version":[{"id":1677,"href":"https:\/\/bestproject.pt\/pt\/wp-json\/wp\/v2\/pages\/1655\/revisions\/1677"}],"up":[{"embeddable":true,"href":"https:\/\/bestproject.pt\/pt\/wp-json\/wp\/v2\/pages\/12"}],"wp:attachment":[{"href":"https:\/\/bestproject.pt\/pt\/wp-json\/wp\/v2\/media?parent=1655"}],"curies":[{"name":"wp","href":"https:\/\/api.w.org\/{rel}","templated":true}]}}