{"id":9,"date":"2020-01-21T00:00:23","date_gmt":"2020-01-21T00:00:23","guid":{"rendered":"http:\/\/bestproject.pt\/?page_id=9"},"modified":"2020-11-18T16:04:17","modified_gmt":"2020-11-18T16:04:17","slug":"a-empresa","status":"publish","type":"page","link":"https:\/\/bestproject.pt\/pt\/a-empresa\/","title":{"rendered":"Sobre"},"content":{"rendered":"<p>\u00a0<\/p>\n<p>\u00a0<\/p>\n<p>A Bestproject nasce em 2001, por uma necessidade de transferir para o projecto um acumular de actos pr\u00e1ticos de engenharia adquiridos ao longo dos tempos.<\/p>\n<p>Em quase duas d\u00e9cadas, a atuar em toda a dimens\u00e3o da interven\u00e7\u00e3o imobili\u00e1ria, foram adquiridos conhecimentos e experiencias, que nos permite dar todas as respostas, necess\u00e1rias para apoio \u00e0 decis\u00e3o, coordena\u00e7\u00e3o, execu\u00e7\u00e3o de projectos, verifica\u00e7\u00e3o de qualidade, controlo financeiro. Uma interven\u00e7\u00e3o transversal a todo o projecto<\/p>\n<p>A Bestproject, mantem a sua aposta na interven\u00e7\u00e3o dos edif\u00edcios existentes, privilegia a efici\u00eancia e sustentabilidade, oferecendo um conjunto de solu\u00e7\u00f5es, perfeitamente coordenadas, que respondem a exig\u00eancias Regulamentares e de seguran\u00e7a, mas, baseada em crit\u00e9rios econ\u00f3micos, de manuten\u00e7\u00e3o e durabilidade.<\/p>\n<p>A constru\u00e7\u00e3o, e reabilita\u00e7\u00e3o de edif\u00edcios, exige uma grande proximidade entre o promotor, projectistas e entidades executantes. Conhecer, e interpretar, as condi\u00e7\u00f5es do local, procurar as melhores solu\u00e7\u00f5es, torna a realidade, do projecto, um constante desafio. Tornar poss\u00edvel a inten\u00e7\u00e3o do promotor e encontrar a melhor solu\u00e7\u00e3o, define a nossa forma de actuar.<\/p>\n<p>\u00a0<\/p>\n<p>\u00a0<\/p>\n\n\n<p><\/p>\n","protected":false},"excerpt":{"rendered":"<p>\u00a0 \u00a0 A Bestproject nasce em 2001, por uma necessidade de transferir para o projecto um acumular de actos pr\u00e1ticos de engenharia adquiridos ao longo dos tempos. Em quase duas &#8230;<\/p>\n","protected":false},"author":1,"featured_media":0,"parent":0,"menu_order":0,"comment_status":"closed","ping_status":"closed","template":"","meta":[],"_links":{"self":[{"href":"https:\/\/bestproject.pt\/pt\/wp-json\/wp\/v2\/pages\/9"}],"collection":[{"href":"https:\/\/bestproject.pt\/pt\/wp-json\/wp\/v2\/pages"}],"about":[{"href":"https:\/\/bestproject.pt\/pt\/wp-json\/wp\/v2\/types\/page"}],"author":[{"embeddable":true,"href":"https:\/\/bestproject.pt\/pt\/wp-json\/wp\/v2\/users\/1"}],"replies":[{"embeddable":true,"href":"https:\/\/bestproject.pt\/pt\/wp-json\/wp\/v2\/comments?post=9"}],"version-history":[{"count":17,"href":"https:\/\/bestproject.pt\/pt\/wp-json\/wp\/v2\/pages\/9\/revisions"}],"predecessor-version":[{"id":1363,"href":"https:\/\/bestproject.pt\/pt\/wp-json\/wp\/v2\/pages\/9\/revisions\/1363"}],"wp:attachment":[{"href":"https:\/\/bestproject.pt\/pt\/wp-json\/wp\/v2\/media?parent=9"}],"curies":[{"name":"wp","href":"https:\/\/api.w.org\/{rel}","templated":true}]}}